{"id":1287,"date":"2023-12-18T07:13:35","date_gmt":"2023-12-18T07:13:35","guid":{"rendered":"https:\/\/damlageridonusum.com.tr\/?page_id=1287"},"modified":"2024-01-13T17:07:05","modified_gmt":"2024-01-13T17:07:05","slug":"hizmetlerimiz","status":"publish","type":"page","link":"https:\/\/www.damlageridonusum.com.tr\/?page_id=1287","title":{"rendered":"Hizmetlerimiz"},"content":{"rendered":"\t\t<div data-elementor-type=\"wp-page\" data-elementor-id=\"1287\" class=\"elementor elementor-1287\">\n\t\t\t\t\t\t\t<div class=\"elementor-element elementor-element-29db1e6 e-flex e-con-boxed e-con e-parent\" data-id=\"29db1e6\" data-element_type=\"container\" data-settings=\"{&quot;background_background&quot;:&quot;classic&quot;,&quot;content_width&quot;:&quot;boxed&quot;}\" data-core-v316-plus=\"true\">\n\t\t\t\t\t<div class=\"e-con-inner\">\n\t\t<div class=\"elementor-element elementor-element-41a024f e-con-full e-flex e-con e-child\" data-id=\"41a024f\" data-element_type=\"container\" data-settings=\"{&quot;content_width&quot;:&quot;full&quot;}\">\n\t\t\t\t<div class=\"elementor-element elementor-element-94b4bbf elementor-widget elementor-widget-icon-box\" data-id=\"94b4bbf\" data-element_type=\"widget\" data-widget_type=\"icon-box.default\">\n\t\t\t\t<div class=\"elementor-widget-container\">\n\t\t\t<link rel=\"stylesheet\" href=\"https:\/\/www.damlageridonusum.com.tr\/wp-content\/plugins\/elementor\/assets\/css\/widget-icon-box.min.css\">\t\t<div class=\"elementor-icon-box-wrapper\">\n\t\t\t\t\t\t<div class=\"elementor-icon-box-content\">\n\t\t\t\t<h1 class=\"elementor-icon-box-title\">\n\t\t\t\t\t<span  >\n\t\t\t\t\t\tHizmetlerimiz\t\t\t\t\t<\/span>\n\t\t\t\t<\/h1>\n\t\t\t\t\t\t\t<\/div>\n\t\t<\/div>\n\t\t\t\t<\/div>\n\t\t\t\t<\/div>\n\t\t\t\t<\/div>\n\t\t\t\t\t<\/div>\n\t\t\t\t<\/div>\n\t\t<div class=\"elementor-element elementor-element-f0870d6 e-flex e-con-boxed e-con e-parent\" data-id=\"f0870d6\" data-element_type=\"container\" data-settings=\"{&quot;background_background&quot;:&quot;classic&quot;,&quot;content_width&quot;:&quot;boxed&quot;}\" data-core-v316-plus=\"true\">\n\t\t\t\t\t<div class=\"e-con-inner\">\n\t\t<div class=\"elementor-element elementor-element-1c96e80 e-con-full e-flex e-con e-child\" data-id=\"1c96e80\" data-element_type=\"container\" data-settings=\"{&quot;background_background&quot;:&quot;classic&quot;,&quot;content_width&quot;:&quot;full&quot;}\">\n\t\t\t\t<div class=\"elementor-element elementor-element-943b22f elementor-widget elementor-widget-image-box\" data-id=\"943b22f\" data-element_type=\"widget\" data-widget_type=\"image-box.default\">\n\t\t\t\t<div class=\"elementor-widget-container\">\n\t\t\t<style>\/*! elementor - v3.18.0 - 08-12-2023 *\/\n.elementor-widget-image-box .elementor-image-box-content{width:100%}@media (min-width:768px){.elementor-widget-image-box.elementor-position-left .elementor-image-box-wrapper,.elementor-widget-image-box.elementor-position-right .elementor-image-box-wrapper{display:flex}.elementor-widget-image-box.elementor-position-right .elementor-image-box-wrapper{text-align:right;flex-direction:row-reverse}.elementor-widget-image-box.elementor-position-left .elementor-image-box-wrapper{text-align:left;flex-direction:row}.elementor-widget-image-box.elementor-position-top .elementor-image-box-img{margin:auto}.elementor-widget-image-box.elementor-vertical-align-top .elementor-image-box-wrapper{align-items:flex-start}.elementor-widget-image-box.elementor-vertical-align-middle .elementor-image-box-wrapper{align-items:center}.elementor-widget-image-box.elementor-vertical-align-bottom .elementor-image-box-wrapper{align-items:flex-end}}@media (max-width:767px){.elementor-widget-image-box .elementor-image-box-img{margin-left:auto!important;margin-right:auto!important;margin-bottom:15px}}.elementor-widget-image-box .elementor-image-box-img{display:inline-block}.elementor-widget-image-box .elementor-image-box-title a{color:inherit}.elementor-widget-image-box .elementor-image-box-wrapper{text-align:center}.elementor-widget-image-box .elementor-image-box-description{margin:0}<\/style><div class=\"elementor-image-box-wrapper\"><div class=\"elementor-image-box-content\"><h4 class=\"elementor-image-box-title\">Metal Geri D\u00f6n\u00fc\u015f\u00fcm<\/h4><p class=\"elementor-image-box-description\">Hurda metalin geri d\u00f6n\u00fc\u015f\u00fcm\u00fc bir kazan-kazan faaliyetidir. Geri d\u00f6n\u00fc\u015f\u00fcm yaparak hem kendimiz hem de  torunlar\u0131m\u0131z i\u00e7in daha iyi bir \u00e7evre yarat\u0131yoruz. Bunun da \u00f6tesinde, hurda metal geri d\u00f6n\u00fc\u015f\u00fcm\u00fc b\u00fcy\u00fck bir end\u00fcstridir ve \u00fclke ekonomisi i\u00e7in \u00e7ok \u00f6nemli bir faaliyettir.\n\nHurda metalin fiyat\u0131, k\u00fcresel arz-talep ve ekonomik ko\u015fullara ba\u011fl\u0131 olarak  dalgalanabilir. Damla geri d\u00f6n\u00fc\u015f\u00fcm olarak piyasa ko\u015fullar\u0131n\u0131 Alia\u011fa b\u00f6lgesi demir \u00e7elik fabrikalar\u0131n\u0131 ve global etkenleri de g\u00f6ze alarak hem tedarik\u00e7ilerimize hem m\u00fc\u015fterilerimize kazand\u0131racak \u015fekilde belirliyoruz.\n\n\n<\/p><\/div><\/div>\t\t<\/div>\n\t\t\t\t<\/div>\n\t\t\t\t<div class=\"elementor-element elementor-element-676035d elementor-align-left elementor-mobile-align-center elementor-widget elementor-widget-button\" data-id=\"676035d\" data-element_type=\"widget\" data-widget_type=\"button.default\">\n\t\t\t\t<div class=\"elementor-widget-container\">\n\t\t\t\t\t<div class=\"elementor-button-wrapper\">\n\t\t\t<a class=\"elementor-button elementor-button-link elementor-size-sm\" href=\"#\">\n\t\t\t\t\t\t<span class=\"elementor-button-content-wrapper\">\n\t\t\t\t\t\t<span class=\"elementor-button-text\">HEMEN ARAYIN VE TEKL\u0130F ALIN<\/span>\n\t\t<\/span>\n\t\t\t\t\t<\/a>\n\t\t<\/div>\n\t\t\t\t<\/div>\n\t\t\t\t<\/div>\n\t\t\t\t<\/div>\n\t\t<div class=\"elementor-element elementor-element-f271040 e-con-full e-flex e-con e-child\" data-id=\"f271040\" data-element_type=\"container\" data-settings=\"{&quot;content_width&quot;:&quot;full&quot;}\">\n\t\t<div class=\"elementor-element elementor-element-bce2d05 e-con-full e-flex e-con e-child\" data-id=\"bce2d05\" data-element_type=\"container\" data-settings=\"{&quot;background_background&quot;:&quot;classic&quot;,&quot;content_width&quot;:&quot;full&quot;}\">\n\t\t<div class=\"elementor-element elementor-element-efbf254 e-con-full e-flex e-con e-child\" data-id=\"efbf254\" data-element_type=\"container\" data-settings=\"{&quot;background_background&quot;:&quot;classic&quot;,&quot;content_width&quot;:&quot;full&quot;}\">\n\t\t\t\t<div class=\"elementor-element elementor-element-7558e44 elementor-widget elementor-widget-image\" data-id=\"7558e44\" data-element_type=\"widget\" data-widget_type=\"image.default\">\n\t\t\t\t<div class=\"elementor-widget-container\">\n\t\t\t<style>\/*! elementor - v3.18.0 - 08-12-2023 *\/\n.elementor-widget-image{text-align:center}.elementor-widget-image a{display:inline-block}.elementor-widget-image a img[src$=\".svg\"]{width:48px}.elementor-widget-image img{vertical-align:middle;display:inline-block}<\/style>\t\t\t\t\t\t\t\t\t\t\t\t<img fetchpriority=\"high\" decoding=\"async\" width=\"1280\" height=\"960\" src=\"https:\/\/www.damlageridonusum.com.tr\/wp-content\/uploads\/2023\/12\/ms-turning-scrap-bundle.jpeg\" class=\"attachment-full size-full wp-image-1244\" alt=\"\" srcset=\"https:\/\/www.damlageridonusum.com.tr\/wp-content\/uploads\/2023\/12\/ms-turning-scrap-bundle.jpeg 1280w, https:\/\/www.damlageridonusum.com.tr\/wp-content\/uploads\/2023\/12\/ms-turning-scrap-bundle-300x225.jpeg 300w, https:\/\/www.damlageridonusum.com.tr\/wp-content\/uploads\/2023\/12\/ms-turning-scrap-bundle-1024x768.jpeg 1024w, https:\/\/www.damlageridonusum.com.tr\/wp-content\/uploads\/2023\/12\/ms-turning-scrap-bundle-768x576.jpeg 768w\" sizes=\"(max-width: 1280px) 100vw, 1280px\" \/>\t\t\t\t\t\t\t\t\t\t\t\t\t\t\t<\/div>\n\t\t\t\t<\/div>\n\t\t\t\t<\/div>\n\t\t\t\t<\/div>\n\t\t<div class=\"elementor-element elementor-element-a8f3666 e-con-full e-flex e-con e-child\" data-id=\"a8f3666\" data-element_type=\"container\" data-settings=\"{&quot;background_background&quot;:&quot;classic&quot;,&quot;content_width&quot;:&quot;full&quot;}\">\n\t\t<div class=\"elementor-element elementor-element-4b10a72 e-con-full e-flex e-con e-child\" data-id=\"4b10a72\" data-element_type=\"container\" data-settings=\"{&quot;background_background&quot;:&quot;classic&quot;,&quot;content_width&quot;:&quot;full&quot;}\">\n\t\t\t\t<div class=\"elementor-element elementor-element-73486f2 elementor-widget elementor-widget-icon-box\" data-id=\"73486f2\" data-element_type=\"widget\" data-widget_type=\"icon-box.default\">\n\t\t\t\t<div class=\"elementor-widget-container\">\n\t\t\t\t\t<div class=\"elementor-icon-box-wrapper\">\n\t\t\t\t\t\t<div class=\"elementor-icon-box-content\">\n\t\t\t\t<h3 class=\"elementor-icon-box-title\">\n\t\t\t\t\t<span  >\n\t\t\t\t\t\t\t\t\t\t\t<\/span>\n\t\t\t\t<\/h3>\n\t\t\t\t\t\t\t\t\t<p class=\"elementor-icon-box-description\">\n\t\t\t\t\t\tKullan\u0131lm\u0131\u015f, eski metal e\u015fyalardan elde edilen hurdalar\t\t\t\t\t<\/p>\n\t\t\t\t\t\t\t<\/div>\n\t\t<\/div>\n\t\t\t\t<\/div>\n\t\t\t\t<\/div>\n\t\t\t\t<\/div>\n\t\t<div class=\"elementor-element elementor-element-e7a1bbd e-con-full e-flex e-con e-child\" data-id=\"e7a1bbd\" data-element_type=\"container\" data-settings=\"{&quot;background_background&quot;:&quot;classic&quot;,&quot;content_width&quot;:&quot;full&quot;}\">\n\t\t\t\t<div class=\"elementor-element elementor-element-db08948 elementor-widget elementor-widget-icon-box\" data-id=\"db08948\" data-element_type=\"widget\" data-widget_type=\"icon-box.default\">\n\t\t\t\t<div class=\"elementor-widget-container\">\n\t\t\t\t\t<div class=\"elementor-icon-box-wrapper\">\n\t\t\t\t\t\t<div class=\"elementor-icon-box-content\">\n\t\t\t\t<h3 class=\"elementor-icon-box-title\">\n\t\t\t\t\t<span  >\n\t\t\t\t\t\t\t\t\t\t\t<\/span>\n\t\t\t\t<\/h3>\n\t\t\t\t\t\t\t\t\t<p class=\"elementor-icon-box-description\">\n\t\t\t\t\t\tSanayi \u00fcretimi sonucu ortaya \u00e7\u0131kan imalat art\u0131\u011f\u0131 metaller\t\t\t\t\t<\/p>\n\t\t\t\t\t\t\t<\/div>\n\t\t<\/div>\n\t\t\t\t<\/div>\n\t\t\t\t<\/div>\n\t\t\t\t<\/div>\n\t\t\t\t<\/div>\n\t\t\t\t<\/div>\n\t\t\t\t\t<\/div>\n\t\t\t\t<\/div>\n\t\t<div class=\"elementor-element elementor-element-cb59bbf e-flex e-con-boxed e-con e-parent\" data-id=\"cb59bbf\" data-element_type=\"container\" data-settings=\"{&quot;background_background&quot;:&quot;classic&quot;,&quot;content_width&quot;:&quot;boxed&quot;}\" data-core-v316-plus=\"true\">\n\t\t\t\t\t<div class=\"e-con-inner\">\n\t\t<div class=\"elementor-element elementor-element-0133eb3 e-con-full e-flex e-con e-child\" data-id=\"0133eb3\" data-element_type=\"container\" data-settings=\"{&quot;content_width&quot;:&quot;full&quot;,&quot;background_background&quot;:&quot;classic&quot;}\">\n\t\t\t\t<\/div>\n\t\t<div class=\"elementor-element elementor-element-2db0831 e-con-full e-flex e-con e-child\" data-id=\"2db0831\" data-element_type=\"container\" data-settings=\"{&quot;background_background&quot;:&quot;classic&quot;,&quot;content_width&quot;:&quot;full&quot;}\">\n\t\t\t\t<div class=\"elementor-element elementor-element-a8dd9a9 elementor-widget elementor-widget-image-box\" data-id=\"a8dd9a9\" data-element_type=\"widget\" data-widget_type=\"image-box.default\">\n\t\t\t\t<div class=\"elementor-widget-container\">\n\t\t\t<div class=\"elementor-image-box-wrapper\"><div class=\"elementor-image-box-content\"><h4 class=\"elementor-image-box-title\">Fabrika\/Tesis Y\u0131k\u0131m<\/h4><p class=\"elementor-image-box-description\">Pek \u00e7ok nedenden dolay\u0131 y\u0131k\u0131m\u0131 planlanan fabrikalar\u0131n\u0131z, depolar\u0131n\u0131z, \u00fcretim tesisleriniz vb  celik konstr\u00fcksiyon yap\u0131lar\u0131n\u0131z i\u00e7in uzman ekibimizle y\u0131k\u0131m s\u00fcrecini y\u00f6netiyor ve s\u00fcre\u00e7ten kazan\u00e7l\u0131 \u00e7\u0131kman\u0131z\u0131 sa\u011flayacak yakla\u015f\u0131mlar\u0131m\u0131zla yan\u0131n\u0131zda yer al\u0131yoruz. <\/p><\/div><\/div>\t\t<\/div>\n\t\t\t\t<\/div>\n\t\t\t\t<div class=\"elementor-element elementor-element-369c096 elementor-align-left elementor-mobile-align-center elementor-widget elementor-widget-button\" data-id=\"369c096\" data-element_type=\"widget\" data-widget_type=\"button.default\">\n\t\t\t\t<div class=\"elementor-widget-container\">\n\t\t\t\t\t<div class=\"elementor-button-wrapper\">\n\t\t\t<a class=\"elementor-button elementor-button-link elementor-size-sm\" href=\"#\">\n\t\t\t\t\t\t<span class=\"elementor-button-content-wrapper\">\n\t\t\t\t\t\t<span class=\"elementor-button-text\">HEMEN ARAYIN VE TEKL\u0130F ALIN<\/span>\n\t\t<\/span>\n\t\t\t\t\t<\/a>\n\t\t<\/div>\n\t\t\t\t<\/div>\n\t\t\t\t<\/div>\n\t\t\t\t<\/div>\n\t\t\t\t\t<\/div>\n\t\t\t\t<\/div>\n\t\t<div class=\"elementor-element elementor-element-616e1f7 e-flex e-con-boxed e-con e-parent\" data-id=\"616e1f7\" data-element_type=\"container\" data-settings=\"{&quot;background_background&quot;:&quot;classic&quot;,&quot;content_width&quot;:&quot;boxed&quot;}\" data-core-v316-plus=\"true\">\n\t\t\t\t\t<div class=\"e-con-inner\">\n\t\t<div class=\"elementor-element elementor-element-3a5bcb1 e-con-full e-flex e-con e-child\" data-id=\"3a5bcb1\" data-element_type=\"container\" data-settings=\"{&quot;background_background&quot;:&quot;classic&quot;,&quot;content_width&quot;:&quot;full&quot;}\">\n\t\t\t\t<div class=\"elementor-element elementor-element-f248ba3 elementor-widget elementor-widget-image-box\" data-id=\"f248ba3\" data-element_type=\"widget\" data-widget_type=\"image-box.default\">\n\t\t\t\t<div class=\"elementor-widget-container\">\n\t\t\t<div class=\"elementor-image-box-wrapper\"><div class=\"elementor-image-box-content\"><h4 class=\"elementor-image-box-title\">Di\u011fer Metaller<\/h4><p class=\"elementor-image-box-description\">Al\u00fcminyum, \u00e7inko, nikel, pirin\u00e7 vb. \u00fcretim prosesi sonucu olu\u015fan art\u0131k metaller de taraf\u0131m\u0131zdan sat\u0131n al\u0131nmaktad\u0131r. Bu metaller de Damla Geri D\u00f6n\u00fc\u015f\u00fcm taraf\u0131ndan \u00fclke ekonomisine kazand\u0131r\u0131lmaktad\u0131r. <\/p><\/div><\/div>\t\t<\/div>\n\t\t\t\t<\/div>\n\t\t\t\t<div class=\"elementor-element elementor-element-fc618e6 elementor-align-left elementor-mobile-align-center elementor-widget elementor-widget-button\" data-id=\"fc618e6\" data-element_type=\"widget\" data-widget_type=\"button.default\">\n\t\t\t\t<div class=\"elementor-widget-container\">\n\t\t\t\t\t<div class=\"elementor-button-wrapper\">\n\t\t\t<a class=\"elementor-button elementor-button-link elementor-size-sm\" href=\"#\">\n\t\t\t\t\t\t<span class=\"elementor-button-content-wrapper\">\n\t\t\t\t\t\t<span class=\"elementor-button-text\">HEMEN ARAYIN VE TEKL\u0130F ALIN<\/span>\n\t\t<\/span>\n\t\t\t\t\t<\/a>\n\t\t<\/div>\n\t\t\t\t<\/div>\n\t\t\t\t<\/div>\n\t\t\t\t<\/div>\n\t\t<div class=\"elementor-element elementor-element-d162bc1 e-con-full e-flex e-con e-child\" data-id=\"d162bc1\" data-element_type=\"container\" data-settings=\"{&quot;content_width&quot;:&quot;full&quot;,&quot;background_background&quot;:&quot;classic&quot;}\">\n\t\t\t\t<\/div>\n\t\t\t\t\t<\/div>\n\t\t\t\t<\/div>\n\t\t\t\t\t\t\t<\/div>\n\t\t","protected":false},"excerpt":{"rendered":"<p>Hizmetlerimiz Metal Geri D\u00f6n\u00fc\u015f\u00fcm Hurda metalin geri d\u00f6n\u00fc\u015f\u00fcm\u00fc bir kazan-kazan faaliyetidir. Geri d\u00f6n\u00fc\u015f\u00fcm yaparak hem kendimiz hem de torunlar\u0131m\u0131z i\u00e7in daha iyi bir \u00e7evre yarat\u0131yoruz. Bunun da \u00f6tesinde, hurda metal geri d\u00f6n\u00fc\u015f\u00fcm\u00fc b\u00fcy\u00fck bir end\u00fcstridir ve \u00fclke ekonomisi i\u00e7in \u00e7ok \u00f6nemli bir faaliyettir. Hurda metalin fiyat\u0131, k\u00fcresel arz-talep ve ekonomik ko\u015fullara ba\u011fl\u0131 olarak dalgalanabilir. Damla &hellip;<\/p>\n<p class=\"read-more\"> <a class=\"\" href=\"https:\/\/www.damlageridonusum.com.tr\/?page_id=1287\"> <span class=\"screen-reader-text\">Hizmetlerimiz<\/span> Read More &raquo;<\/a><\/p>\n","protected":false},"author":1,"featured_media":0,"parent":0,"menu_order":0,"comment_status":"closed","ping_status":"closed","template":"","meta":{"site-sidebar-layout":"no-sidebar","site-content-layout":"page-builder","ast-site-content-layout":"","site-content-style":"default","site-sidebar-style":"default","ast-global-header-display":"","ast-banner-title-visibility":"","ast-main-header-display":"","ast-hfb-above-header-display":"","ast-hfb-below-header-display":"","ast-hfb-mobile-header-display":"","site-post-title":"disabled","ast-breadcrumbs-content":"disabled","ast-featured-img":"disabled","footer-sml-layout":"","theme-transparent-header-meta":"enabled","adv-header-id-meta":"","stick-header-meta":"","header-above-stick-meta":"","header-main-stick-meta":"","header-below-stick-meta":"","astra-migrate-meta-layouts":"default","ast-page-background-enabled":"default","ast-page-background-meta":{"desktop":{"background-color":"","background-image":"","background-repeat":"repeat","background-position":"center center","background-size":"auto","background-attachment":"scroll","background-type":"","background-media":"","overlay-type":"","overlay-color":"","overlay-gradient":""},"tablet":{"background-color":"","background-image":"","background-repeat":"repeat","background-position":"center center","background-size":"auto","background-attachment":"scroll","background-type":"","background-media":"","overlay-type":"","overlay-color":"","overlay-gradient":""},"mobile":{"background-color":"","background-image":"","background-repeat":"repeat","background-position":"center center","background-size":"auto","background-attachment":"scroll","background-type":"","background-media":"","overlay-type":"","overlay-color":"","overlay-gradient":""}},"ast-content-background-meta":{"desktop":{"background-color":"var(--ast-global-color-5)","background-image":"","background-repeat":"repeat","background-position":"center center","background-size":"auto","background-attachment":"scroll","background-type":"","background-media":"","overlay-type":"","overlay-color":"","overlay-gradient":""},"tablet":{"background-color":"var(--ast-global-color-5)","background-image":"","background-repeat":"repeat","background-position":"center center","background-size":"auto","background-attachment":"scroll","background-type":"","background-media":"","overlay-type":"","overlay-color":"","overlay-gradient":""},"mobile":{"background-color":"var(--ast-global-color-5)","background-image":"","background-repeat":"repeat","background-position":"center center","background-size":"auto","background-attachment":"scroll","background-type":"","background-media":"","overlay-type":"","overlay-color":"","overlay-gradient":""}},"footnotes":""},"class_list":["post-1287","page","type-page","status-publish","hentry"],"_links":{"self":[{"href":"https:\/\/www.damlageridonusum.com.tr\/index.php?rest_route=\/wp\/v2\/pages\/1287","targetHints":{"allow":["GET"]}}],"collection":[{"href":"https:\/\/www.damlageridonusum.com.tr\/index.php?rest_route=\/wp\/v2\/pages"}],"about":[{"href":"https:\/\/www.damlageridonusum.com.tr\/index.php?rest_route=\/wp\/v2\/types\/page"}],"author":[{"embeddable":true,"href":"https:\/\/www.damlageridonusum.com.tr\/index.php?rest_route=\/wp\/v2\/users\/1"}],"replies":[{"embeddable":true,"href":"https:\/\/www.damlageridonusum.com.tr\/index.php?rest_route=%2Fwp%2Fv2%2Fcomments&post=1287"}],"version-history":[{"count":19,"href":"https:\/\/www.damlageridonusum.com.tr\/index.php?rest_route=\/wp\/v2\/pages\/1287\/revisions"}],"predecessor-version":[{"id":1363,"href":"https:\/\/www.damlageridonusum.com.tr\/index.php?rest_route=\/wp\/v2\/pages\/1287\/revisions\/1363"}],"wp:attachment":[{"href":"https:\/\/www.damlageridonusum.com.tr\/index.php?rest_route=%2Fwp%2Fv2%2Fmedia&parent=1287"}],"curies":[{"name":"wp","href":"https:\/\/api.w.org\/{rel}","templated":true}]}}